{"id":11,"date":"2006-11-18T22:55:44","date_gmt":"2006-11-18T20:55:44","guid":{"rendered":"http:\/\/www.kameli.net\/marq\/?page_id=11"},"modified":"2009-07-19T17:30:17","modified_gmt":"2009-07-19T15:30:17","slug":"testi","status":"publish","type":"page","link":"http:\/\/www.kameli.net\/marq\/?page_id=11","title":{"rendered":"Jouskarisanasto"},"content":{"rendered":"<p>Ker\u00e4ilin t\u00e4m\u00e4n englanti-suomi-sanaston silt\u00e4 varalta, ett\u00e4 se jotakuta hy\u00f6dytt\u00e4isi. Internet on t\u00e4ynn\u00e4 tietoa jousiammunnasta, mutta valtaosa siit\u00e4 on englanniksi eiv\u00e4tk\u00e4 kaikki termit ole ihan itsest\u00e4\u00e4n selvi\u00e4. Yhdyssanojen k\u00e4ytt\u00f6 on l\u00e4hteest\u00e4 riippuen horjuvaa, joten vastaan saattaa tulla sek\u00e4 &#8220;armguard&#8221; ett\u00e4 &#8220;arm guard&#8221;. Korjauksia ja t\u00e4ydennyksi\u00e4 otetaan mieluusti vastaan.<\/p>\n<table style=\"height: 33px;\" border=\"0\" cellspacing=\"1\" cellpadding=\"1\" width=\"80%\">\n<tbody>\n<tr>\n<td style=\"width: 40%;\">anchor<\/td>\n<td style=\"width: 60%;\">ankkurointi<\/td>\n<\/tr>\n<tr>\n<td>archer<\/td>\n<td>jousiampuja<\/td>\n<\/tr>\n<tr>\n<td>archery<\/td>\n<td>jousiammunta<\/td>\n<\/tr>\n<tr>\n<td>armguard, bracer<\/td>\n<td>rannesuoja<\/td>\n<\/tr>\n<tr>\n<td>arrow<\/td>\n<td>nuoli<\/td>\n<\/tr>\n<tr>\n<td>arrow puller<\/td>\n<td>ulosvedin<\/td>\n<\/tr>\n<tr>\n<td>arrow rest<\/td>\n<td>nuolihylly<\/td>\n<\/tr>\n<tr>\n<td>bare shaft<\/td>\n<td>sulaton nuoli<\/td>\n<\/tr>\n<tr>\n<td>barebow<\/td>\n<td>vaistojousi<\/td>\n<\/tr>\n<tr>\n<td>blank butt<\/td>\n<td>tyhj\u00e4 tausta<\/td>\n<\/tr>\n<tr>\n<td>bolt<\/td>\n<td>varsijousen nuoli<\/td>\n<\/tr>\n<tr>\n<td>bow case<\/td>\n<td>jousilaukku<\/td>\n<\/tr>\n<tr>\n<td>bow hand<\/td>\n<td>jousik\u00e4si<\/td>\n<\/tr>\n<tr>\n<td>bow sling<\/td>\n<td>sormi- tai rannelenkki<\/td>\n<\/tr>\n<tr>\n<td>bow square<\/td>\n<td>j\u00e4nnev\u00e4limitta<\/td>\n<\/tr>\n<tr>\n<td>bowstand<\/td>\n<td>jousiteline<\/td>\n<\/tr>\n<tr>\n<td>bowstring<\/td>\n<td>j\u00e4nne<\/td>\n<\/tr>\n<tr>\n<td>bowstringer<\/td>\n<td>viritinnaru<\/td>\n<\/tr>\n<tr>\n<td>bracing height<\/td>\n<td>j\u00e4nnev\u00e4li<\/td>\n<\/tr>\n<tr>\n<td>broadhead<\/td>\n<td>mets\u00e4stysk\u00e4rki<\/td>\n<\/tr>\n<tr>\n<td>butt<\/td>\n<td>tausta<\/td>\n<\/tr>\n<tr>\n<td>cable guard<\/td>\n<td>kaapeliohjain<\/td>\n<\/tr>\n<tr>\n<td>cam, pulley<\/td>\n<td>taljapy\u00f6r\u00e4<\/td>\n<\/tr>\n<tr>\n<td>carbon fiber<\/td>\n<td>hiilikuitu<\/td>\n<\/tr>\n<tr>\n<td>center\/centre shot<\/td>\n<td>haritus, nuolen linjaus<\/td>\n<\/tr>\n<tr>\n<td>chestguard<\/td>\n<td>rintasuoja<\/td>\n<\/tr>\n<tr>\n<td>clearance<\/td>\n<td>ohitus<\/td>\n<\/tr>\n<tr>\n<td>clicker<\/td>\n<td>vedonpituuden ilmaisin, &#8220;klikkeri&#8221;<\/td>\n<\/tr>\n<tr>\n<td>cock feather, index fletch<\/td>\n<td>kukkosulka<\/td>\n<\/tr>\n<tr>\n<td>compound bow<\/td>\n<td>taljajousi<\/td>\n<\/tr>\n<tr>\n<td>cresting<\/td>\n<td>nuolen maalaus<\/td>\n<\/tr>\n<tr>\n<td>crossbow<\/td>\n<td>varsijousi, jalkajousi<\/td>\n<\/tr>\n<tr>\n<td>crosshair<\/td>\n<td>ristikkot\u00e4ht\u00e4in<\/td>\n<\/tr>\n<tr>\n<td>damper, doinker<\/td>\n<td>vaimennin, &#8220;doinkkeri&#8221;<\/td>\n<\/tr>\n<tr>\n<td>draw<\/td>\n<td>j\u00e4nnitt\u00e4\u00e4\/vet\u00e4\u00e4 jousi<\/td>\n<\/tr>\n<tr>\n<td>drawing hand<\/td>\n<td>vetok\u00e4si<\/td>\n<\/tr>\n<tr>\n<td>draw length<\/td>\n<td>vedonpituus<\/td>\n<\/tr>\n<tr>\n<td>draw weight<\/td>\n<td>jousen j\u00e4ykkyys<\/td>\n<\/tr>\n<tr>\n<td>extender<\/td>\n<td>ulontaja<\/td>\n<\/tr>\n<tr>\n<td>feather<\/td>\n<td>luonnonsulka<\/td>\n<\/tr>\n<tr>\n<td>field archery<\/td>\n<td>maastoammunta<\/td>\n<\/tr>\n<tr>\n<td>finger release<\/td>\n<td>sormilaukaisu<\/td>\n<\/tr>\n<tr>\n<td>finger sling<\/td>\n<td>sormilenkki<\/td>\n<\/tr>\n<tr>\n<td>finger tab, tab<\/td>\n<td>sormil\u00e4pp\u00e4<\/td>\n<\/tr>\n<tr>\n<td>fishtailing<\/td>\n<td>nuolen vaakasuuntainen heilunta<\/td>\n<\/tr>\n<tr>\n<td>fletching<\/td>\n<td>sulitus<\/td>\n<\/tr>\n<tr>\n<td>fletching jig<\/td>\n<td>sulituslaite<\/td>\n<\/tr>\n<tr>\n<td>follow through<\/td>\n<td>j\u00e4lkipito, j\u00e4lkit\u00e4ht\u00e4ys<\/td>\n<\/tr>\n<tr>\n<td>foot<\/td>\n<td>jalka (30,48 cm)<\/td>\n<\/tr>\n<tr>\n<td>glass fiber<\/td>\n<td>lasikuitu<\/td>\n<\/tr>\n<tr>\n<td>grain<\/td>\n<td>graani (0,0648 g)<\/td>\n<\/tr>\n<tr>\n<td>grip<\/td>\n<td>k\u00e4densija<\/td>\n<\/tr>\n<tr>\n<td>gripping<\/td>\n<td>jouseen tarttuminen<\/td>\n<\/tr>\n<tr>\n<td>hooking<\/td>\n<td>j\u00e4nteeseen tarttuminen<\/td>\n<\/tr>\n<tr>\n<td>inch<\/td>\n<td>tuuma (2,54 cm)<\/td>\n<\/tr>\n<tr>\n<td>kisser button<\/td>\n<td>huulimerkki<\/td>\n<\/tr>\n<tr>\n<td>level<\/td>\n<td>vatupassi<\/td>\n<\/tr>\n<tr>\n<td>limb<\/td>\n<td>lapa<\/td>\n<\/tr>\n<tr>\n<td>longbow<\/td>\n<td>pitk\u00e4jousi<\/td>\n<\/tr>\n<tr>\n<td>minnowing<\/td>\n<td>nuolen vapina (esim. huonon ohituksen vuoksi)<\/td>\n<\/tr>\n<tr>\n<td>nock, notch<\/td>\n<td>nokki<\/td>\n<\/tr>\n<tr>\n<td>nock pliers<\/td>\n<td>nokkipihdit<\/td>\n<\/tr>\n<tr>\n<td>nocking point<\/td>\n<td>nokinpaikka<\/td>\n<\/tr>\n<tr>\n<td>olympic bow<\/td>\n<td>olympiajousi (t\u00e4ht\u00e4injousi)<\/td>\n<\/tr>\n<tr>\n<td>peep<\/td>\n<td>j\u00e4nnet\u00e4ht\u00e4in<\/td>\n<\/tr>\n<tr>\n<td>plunger, pressure button<\/td>\n<td>joustotalla, &#8220;plungeri&#8221;<\/td>\n<\/tr>\n<tr>\n<td>point, arrow tip<\/td>\n<td>nuolenk\u00e4rki<\/td>\n<\/tr>\n<tr>\n<td>pound, lb<\/td>\n<td>pauna, naula (0,4536 kg)<\/td>\n<\/tr>\n<tr>\n<td>porpoising<\/td>\n<td>nuolen pystysuuntainen heilunta<\/td>\n<\/tr>\n<tr>\n<td>quiver<\/td>\n<td>nuoliviini<\/td>\n<\/tr>\n<tr>\n<td>recurve bow<\/td>\n<td>vastakaarijousi<\/td>\n<\/tr>\n<tr>\n<td>release<\/td>\n<td>laukaisu<\/td>\n<\/tr>\n<tr>\n<td>release aid<\/td>\n<td>laukaisulaite<\/td>\n<\/tr>\n<tr>\n<td>riser<\/td>\n<td>keskiosa<\/td>\n<\/tr>\n<tr>\n<td>scope<\/td>\n<td>linssit\u00e4ht\u00e4in<\/td>\n<\/tr>\n<tr>\n<td>serving<\/td>\n<td>keskipunos<\/td>\n<\/tr>\n<tr>\n<td>serving thread<\/td>\n<td>punoslanka<\/td>\n<\/tr>\n<tr>\n<td>shaft<\/td>\n<td>nuoliputki<\/td>\n<\/tr>\n<tr>\n<td>sight<\/td>\n<td>t\u00e4ht\u00e4in<\/td>\n<\/tr>\n<tr>\n<td>sight pin<\/td>\n<td>t\u00e4ht\u00e4injyv\u00e4<\/td>\n<\/tr>\n<tr>\n<td>sight tunnel<\/td>\n<td>t\u00e4ht\u00e4inrengas\/nuppi<\/td>\n<\/tr>\n<tr>\n<td>sight window<\/td>\n<td>ikkunaleikkaus<\/td>\n<\/tr>\n<tr>\n<td>spine<\/td>\n<td>nuolen j\u00e4ykkyys, taipuma-arvo<\/td>\n<\/tr>\n<tr>\n<td>stabilizer<\/td>\n<td>vakaaja, &#8220;stabi&#8221;<\/td>\n<\/tr>\n<tr>\n<td>stance<\/td>\n<td>ampuma-asento<\/td>\n<\/tr>\n<tr>\n<td>straw bale<\/td>\n<td>hein\u00e4\/olkipaali<\/td>\n<\/tr>\n<tr>\n<td>target<\/td>\n<td>maalitaulu<\/td>\n<\/tr>\n<tr>\n<td>target archery<\/td>\n<td>tauluammunta<\/td>\n<\/tr>\n<tr>\n<td>target panic<\/td>\n<td>taulupaniikki, &#8220;kyyl\u00e4kauhu&#8221;<\/td>\n<\/tr>\n<tr>\n<td>tassel<\/td>\n<td>puhdistusharja<\/td>\n<\/tr>\n<tr>\n<td>tiller<\/td>\n<td>tilleri, lapatasapaino<\/td>\n<\/tr>\n<tr>\n<td>v-bar<\/td>\n<td>haarakappale<\/td>\n<\/tr>\n<tr>\n<td>vane<\/td>\n<td>muovisulka<\/td>\n<\/tr>\n<tr>\n<td>windage adjustment<\/td>\n<td>t\u00e4ht\u00e4imen vaakas\u00e4\u00e4t\u00f6<\/td>\n<\/tr>\n<tr>\n<td>wrist sling<\/td>\n<td>rannelenkki<\/td>\n<\/tr>\n<tr>\n<td>yard<\/td>\n<td>jaardi (0,9144 m)<\/td>\n<\/tr>\n<\/tbody>\n<\/table>\n","protected":false},"excerpt":{"rendered":"<p>Ker\u00e4ilin t\u00e4m\u00e4n englanti-suomi-sanaston silt\u00e4 varalta, ett\u00e4 se jotakuta hy\u00f6dytt\u00e4isi. Internet on t\u00e4ynn\u00e4 tietoa jousiammunnasta, mutta valtaosa siit\u00e4 on englanniksi eiv\u00e4tk\u00e4 kaikki termit ole ihan itsest\u00e4\u00e4n selvi\u00e4. Yhdyssanojen k\u00e4ytt\u00f6 on l\u00e4hteest\u00e4 riippuen horjuvaa, joten vastaan saattaa tulla sek\u00e4 &#8220;armguard&#8221; ett\u00e4 &#8220;arm guard&#8221;. Korjauksia ja t\u00e4ydennyksi\u00e4 otetaan mieluusti vastaan. anchor ankkurointi archer jousiampuja archery jousiammunta armguard, bracer [&hellip;]<\/p>\n","protected":false},"author":1,"featured_media":0,"parent":6,"menu_order":0,"comment_status":"open","ping_status":"closed","template":"","meta":{"footnotes":""},"class_list":["post-11","page","type-page","status-publish","hentry"],"_links":{"self":[{"href":"http:\/\/www.kameli.net\/marq\/index.php?rest_route=\/wp\/v2\/pages\/11","targetHints":{"allow":["GET"]}}],"collection":[{"href":"http:\/\/www.kameli.net\/marq\/index.php?rest_route=\/wp\/v2\/pages"}],"about":[{"href":"http:\/\/www.kameli.net\/marq\/index.php?rest_route=\/wp\/v2\/types\/page"}],"author":[{"embeddable":true,"href":"http:\/\/www.kameli.net\/marq\/index.php?rest_route=\/wp\/v2\/users\/1"}],"replies":[{"embeddable":true,"href":"http:\/\/www.kameli.net\/marq\/index.php?rest_route=%2Fwp%2Fv2%2Fcomments&post=11"}],"version-history":[{"count":2,"href":"http:\/\/www.kameli.net\/marq\/index.php?rest_route=\/wp\/v2\/pages\/11\/revisions"}],"predecessor-version":[{"id":178,"href":"http:\/\/www.kameli.net\/marq\/index.php?rest_route=\/wp\/v2\/pages\/11\/revisions\/178"}],"up":[{"embeddable":true,"href":"http:\/\/www.kameli.net\/marq\/index.php?rest_route=\/wp\/v2\/pages\/6"}],"wp:attachment":[{"href":"http:\/\/www.kameli.net\/marq\/index.php?rest_route=%2Fwp%2Fv2%2Fmedia&parent=11"}],"curies":[{"name":"wp","href":"https:\/\/api.w.org\/{rel}","templated":true}]}}