{"id":3,"date":"2006-11-16T22:34:32","date_gmt":"2006-11-16T20:34:32","guid":{"rendered":"http:\/\/www.kameli.net\/marq2\/?page_id=3"},"modified":"2021-12-10T08:02:16","modified_gmt":"2021-12-10T06:02:16","slug":"tietoja","status":"publish","type":"page","link":"http:\/\/www.kameli.net\/marq\/?page_id=3","title":{"rendered":"Tietoja"},"content":{"rendered":"<p><a href=\"http:\/\/www.kameli.net\/marq\/wp-content\/uploads\/2006\/11\/ankkapulco_small.jpg\"><img loading=\"lazy\" decoding=\"async\" class=\"alignleft\" src=\"http:\/\/www.kameli.net\/marq\/wp-content\/uploads\/2006\/11\/ankkapulco_small.jpg\" alt=\"ankkapulco_small\" width=\"120\" height=\"150\" \/><\/a>Vammalasta on l\u00e4hdetty ja Helsinkiin on p\u00e4\u00e4dytty, vaikkei koskaan tarkoitus ollutkaan. Tampereella ehdin py\u00f6r\u00e4ht\u00e4\u00e4 kuutisen vuotta opiskelemassa insin\u00f6\u00f6ritieteit\u00e4, kunnes tie vei p\u00e4\u00e4kaupunkiseudulle uuden median \u00e4\u00e4relle. Matkan varrelle on mahtunut opiskelua, ohjelmointia, piirtely\u00e4, sarjisten ker\u00e4ily\u00e4, funkkia, jousiammuntaa, tutkimusta, l\u00e4nkk\u00e4reit\u00e4, shakkia, innostumisia ja kyll\u00e4stymisi\u00e4.<\/p>\n<p>Duunailen t\u00e4t\u00e4 nyky\u00e4 Aalto-yliopiston\u00a0<a title=\"Medialabra\" href=\"http:\/\/medialab.aalto.fi\/\">Medialabrassa<\/a> opettajana, alueena vuorovaikutteinen visualisointi. Virallisempia tietoja <a href=\"https:\/\/people.aalto.fi\/markku.reunanen\">Aalto Peoplessa<\/a>. Aiempia asemapaikkojani olivat Patria Vammaksen mikrotuki, TTY:ll\u00e4 sijainnut edesmennyt Tampere VRC, <a href=\"https:\/\/www.alasinmedia.fi\/\">Alasin Media<\/a> ja TKK:n TML-labra.<\/p>\n<p><strong>Yhteys s\u00e4hk\u00f6postitse:<\/strong> marq at iki dot fi<br \/><strong>Puhelimitse:<\/strong> +358 50 539 3321<br \/><strong>Ircitse:<\/strong> Marq IRCNetin kanavilla #rno, #vammala, #vompatti, #exvrc, #vege ja #skrolli<br \/><strong>Someitse:<\/strong>\u00a0<a href=\"https:\/\/www.linkedin.com\/in\/markkureunanen\/\">LinkedIn<\/a>, <a href=\"https:\/\/www.facebook.com\/markku.reunanen\">Facebook<\/a><\/p>\n<p>\u00a0<\/p>\n\n\n<p><\/p>\n","protected":false},"excerpt":{"rendered":"<p>Vammalasta on l\u00e4hdetty ja Helsinkiin on p\u00e4\u00e4dytty, vaikkei koskaan tarkoitus ollutkaan. Tampereella ehdin py\u00f6r\u00e4ht\u00e4\u00e4 kuutisen vuotta opiskelemassa insin\u00f6\u00f6ritieteit\u00e4, kunnes tie vei p\u00e4\u00e4kaupunkiseudulle uuden median \u00e4\u00e4relle. Matkan varrelle on mahtunut opiskelua, ohjelmointia, piirtely\u00e4, sarjisten ker\u00e4ily\u00e4, funkkia, jousiammuntaa, tutkimusta, l\u00e4nkk\u00e4reit\u00e4, shakkia, innostumisia ja kyll\u00e4stymisi\u00e4. Duunailen t\u00e4t\u00e4 nyky\u00e4 Aalto-yliopiston\u00a0Medialabrassa opettajana, alueena vuorovaikutteinen visualisointi. Virallisempia tietoja Aalto Peoplessa. Aiempia [&hellip;]<\/p>\n","protected":false},"author":1,"featured_media":0,"parent":0,"menu_order":100,"comment_status":"open","ping_status":"closed","template":"","meta":{"footnotes":""},"class_list":["post-3","page","type-page","status-publish","hentry"],"_links":{"self":[{"href":"http:\/\/www.kameli.net\/marq\/index.php?rest_route=\/wp\/v2\/pages\/3","targetHints":{"allow":["GET"]}}],"collection":[{"href":"http:\/\/www.kameli.net\/marq\/index.php?rest_route=\/wp\/v2\/pages"}],"about":[{"href":"http:\/\/www.kameli.net\/marq\/index.php?rest_route=\/wp\/v2\/types\/page"}],"author":[{"embeddable":true,"href":"http:\/\/www.kameli.net\/marq\/index.php?rest_route=\/wp\/v2\/users\/1"}],"replies":[{"embeddable":true,"href":"http:\/\/www.kameli.net\/marq\/index.php?rest_route=%2Fwp%2Fv2%2Fcomments&post=3"}],"version-history":[{"count":15,"href":"http:\/\/www.kameli.net\/marq\/index.php?rest_route=\/wp\/v2\/pages\/3\/revisions"}],"predecessor-version":[{"id":6659,"href":"http:\/\/www.kameli.net\/marq\/index.php?rest_route=\/wp\/v2\/pages\/3\/revisions\/6659"}],"wp:attachment":[{"href":"http:\/\/www.kameli.net\/marq\/index.php?rest_route=%2Fwp%2Fv2%2Fmedia&parent=3"}],"curies":[{"name":"wp","href":"https:\/\/api.w.org\/{rel}","templated":true}]}}